{"id":19757,"date":"2023-05-21T17:35:26","date_gmt":"2023-05-21T15:35:26","guid":{"rendered":"https:\/\/bondsjet.neuralize.es\/?page_id=19757"},"modified":"2023-07-09T17:28:34","modified_gmt":"2023-07-09T15:28:34","slug":"ruta-roja","status":"publish","type":"page","link":"https:\/\/bondsjet.com\/en\/red-route\/","title":{"rendered":"red route"},"content":{"rendered":"<div data-elementor-type=\"wp-page\" data-elementor-id=\"19757\" class=\"elementor elementor-19757\" data-elementor-settings=\"{&quot;element_pack_global_tooltip_width&quot;:{&quot;unit&quot;:&quot;px&quot;,&quot;size&quot;:&quot;&quot;,&quot;sizes&quot;:[]},&quot;element_pack_global_tooltip_width_tablet&quot;:{&quot;unit&quot;:&quot;px&quot;,&quot;size&quot;:&quot;&quot;,&quot;sizes&quot;:[]},&quot;element_pack_global_tooltip_width_mobile_extra&quot;:{&quot;unit&quot;:&quot;px&quot;,&quot;size&quot;:&quot;&quot;,&quot;sizes&quot;:[]},&quot;element_pack_global_tooltip_width_mobile&quot;:{&quot;unit&quot;:&quot;px&quot;,&quot;size&quot;:&quot;&quot;,&quot;sizes&quot;:[]},&quot;element_pack_global_tooltip_padding&quot;:{&quot;unit&quot;:&quot;px&quot;,&quot;top&quot;:&quot;&quot;,&quot;right&quot;:&quot;&quot;,&quot;bottom&quot;:&quot;&quot;,&quot;left&quot;:&quot;&quot;,&quot;isLinked&quot;:true},&quot;element_pack_global_tooltip_padding_tablet&quot;:{&quot;unit&quot;:&quot;px&quot;,&quot;top&quot;:&quot;&quot;,&quot;right&quot;:&quot;&quot;,&quot;bottom&quot;:&quot;&quot;,&quot;left&quot;:&quot;&quot;,&quot;isLinked&quot;:true},&quot;element_pack_global_tooltip_padding_mobile_extra&quot;:{&quot;unit&quot;:&quot;px&quot;,&quot;top&quot;:&quot;&quot;,&quot;right&quot;:&quot;&quot;,&quot;bottom&quot;:&quot;&quot;,&quot;left&quot;:&quot;&quot;,&quot;isLinked&quot;:true},&quot;element_pack_global_tooltip_padding_mobile&quot;:{&quot;unit&quot;:&quot;px&quot;,&quot;top&quot;:&quot;&quot;,&quot;right&quot;:&quot;&quot;,&quot;bottom&quot;:&quot;&quot;,&quot;left&quot;:&quot;&quot;,&quot;isLinked&quot;:true},&quot;element_pack_global_tooltip_border_radius&quot;:{&quot;unit&quot;:&quot;px&quot;,&quot;top&quot;:&quot;&quot;,&quot;right&quot;:&quot;&quot;,&quot;bottom&quot;:&quot;&quot;,&quot;left&quot;:&quot;&quot;,&quot;isLinked&quot;:true},&quot;element_pack_global_tooltip_border_radius_tablet&quot;:{&quot;unit&quot;:&quot;px&quot;,&quot;top&quot;:&quot;&quot;,&quot;right&quot;:&quot;&quot;,&quot;bottom&quot;:&quot;&quot;,&quot;left&quot;:&quot;&quot;,&quot;isLinked&quot;:true},&quot;element_pack_global_tooltip_border_radius_mobile_extra&quot;:{&quot;unit&quot;:&quot;px&quot;,&quot;top&quot;:&quot;&quot;,&quot;right&quot;:&quot;&quot;,&quot;bottom&quot;:&quot;&quot;,&quot;left&quot;:&quot;&quot;,&quot;isLinked&quot;:true},&quot;element_pack_global_tooltip_border_radius_mobile&quot;:{&quot;unit&quot;:&quot;px&quot;,&quot;top&quot;:&quot;&quot;,&quot;right&quot;:&quot;&quot;,&quot;bottom&quot;:&quot;&quot;,&quot;left&quot;:&quot;&quot;,&quot;isLinked&quot;:true}}\" data-elementor-post-type=\"page\">\n\t\t\t\t\t\t<section class=\"wd-negative-gap elementor-section elementor-top-section elementor-element elementor-element-2227aca5 elementor-section-content-middle wd-section-stretch elementor-section-boxed elementor-section-height-default elementor-section-height-default\" data-id=\"2227aca5\" data-element_type=\"section\" data-e-type=\"section\">\n\t\t\t\t\t\t<div class=\"elementor-container elementor-column-gap-extended\">\n\t\t\t\t\t<div class=\"elementor-column elementor-col-50 elementor-top-column elementor-element elementor-element-37878e64\" data-id=\"37878e64\" data-element_type=\"column\" data-e-type=\"column\">\n\t\t\t<div class=\"elementor-widget-wrap elementor-element-populated\">\n\t\t\t\t\t\t<div class=\"elementor-element elementor-element-2e69a67 ee-grid-columns-7 ee-grid-columns-mobile-7 ee-gallery-slider--top ee-grid-columns-tablet-6 elementor-widget elementor-widget-gallery-slider\" data-id=\"2e69a67\" data-element_type=\"widget\" data-e-type=\"widget\" data-settings=\"{&quot;columns&quot;:&quot;7&quot;,&quot;columns_mobile&quot;:&quot;7&quot;,&quot;show_thumbnails&quot;:&quot;yes&quot;,&quot;columns_tablet&quot;:&quot;6&quot;,&quot;direction&quot;:&quot;ltr&quot;,&quot;infinite&quot;:&quot;yes&quot;,&quot;effect&quot;:&quot;slide&quot;,&quot;speed&quot;:1000,&quot;resistance&quot;:{&quot;unit&quot;:&quot;px&quot;,&quot;size&quot;:0.25,&quot;sizes&quot;:[]},&quot;adaptive_height&quot;:&quot;yes&quot;}\" data-widget_type=\"gallery-slider.default\">\n\t\t\t\t<div class=\"elementor-widget-container\">\n\t\t\t\t\t<div class=\"ee-gallery-slider\">\r\n\t\t\t<div class=\"ee-gallery-slider__preview ee-swiper\" dir=\"ltr\">\r\n\t\t\t<div class=\"ee-gallery-slider__slider-wrapper\">\r\n\t\t\t\t<div class=\"swiper-container ee-swiper__container ee-gallery-slider__slider ee-media-align--bottom ee-media-align--justify ee-media-effect__content--\">\r\n\t\t\t\t\t<div class=\"swiper-wrapper ee-swiper__wrapper\">\r\n\t\t\t\t\t\t<div class=\"ee-slider__slide ee-swiper__slide swiper-slide\">\r\n\t\t\t\t<figure class=\"ee-media ee-slider__media ee-swiper__slide__media\">\r\n\t\t\t\t\t<div class=\"ee-media__wrapper ee-slider__media-wrapper\">\r\n\t\t\t\t\t\t<div class=\"ee-media__thumbnail ee-slider__media__thumbnail\">\r\n\t\t\t\t\t\t\t<img decoding=\"async\" alt=\"route-red-route-roja-bondsjet\" src=\"https:\/\/bondsjet.com\/wp-content\/uploads\/2023\/05\/route-red-ruta-roja-bondsjet.webp\" class=\"ee-media__thumbnail__image\" \/>\r\n\t\t\t\t\t\t<\/div>\r\n\t\t\t\t\t\t\t\t\t\t\t<\/div>\r\n\t\t\t\t<\/figure>\r\n\t\t\t<\/div><div class=\"ee-slider__slide ee-swiper__slide swiper-slide\">\r\n\t\t\t\t<figure class=\"ee-media ee-slider__media ee-swiper__slide__media\">\r\n\t\t\t\t\t<div class=\"ee-media__wrapper ee-slider__media-wrapper\">\r\n\t\t\t\t\t\t<div class=\"ee-media__thumbnail ee-slider__media__thumbnail\">\r\n\t\t\t\t\t\t\t<img decoding=\"async\" alt=\"5AB81263-9184-473F-B551-8A698C86D283\" src=\"https:\/\/bondsjet.com\/wp-content\/uploads\/2023\/05\/5AB81263-9184-473F-B551-8A698C86D283.jpeg\" class=\"ee-media__thumbnail__image\" \/>\r\n\t\t\t\t\t\t<\/div>\r\n\t\t\t\t\t\t\t\t\t\t\t<\/div>\r\n\t\t\t\t<\/figure>\r\n\t\t\t<\/div><div class=\"ee-slider__slide ee-swiper__slide swiper-slide\">\r\n\t\t\t\t<figure class=\"ee-media ee-slider__media ee-swiper__slide__media\">\r\n\t\t\t\t\t<div class=\"ee-media__wrapper ee-slider__media-wrapper\">\r\n\t\t\t\t\t\t<div class=\"ee-media__thumbnail ee-slider__media__thumbnail\">\r\n\t\t\t\t\t\t\t<img decoding=\"async\" alt=\"DCIM100GOPROGOPR0745.JPG\" src=\"https:\/\/bondsjet.com\/wp-content\/uploads\/2023\/05\/15BD5695-A2BC-4AF5-8FA6-46105BABB989-scaled.jpeg\" class=\"ee-media__thumbnail__image\" \/>\r\n\t\t\t\t\t\t<\/div>\r\n\t\t\t\t\t\t\t\t\t\t\t\t<div class=\"ee-media__content ee-slider__media__content\">\r\n\t\t\t\t\t\t\t<figcaption class=\"ee-caption ee-media__content__caption ee-slider__media__caption\">\r\n\t\t\t\t\t\t\t\t<div class=\"ee-caption__caption\">DCIM100GOPROGOPR0745.JPG<\/div>\t\t\t\t\t\t\t<\/figcaption>\r\n\t\t\t\t\t\t<\/div>\r\n\t\t\t\t\t\t\t\t\t\t\t<\/div>\r\n\t\t\t\t<\/figure>\r\n\t\t\t<\/div><div class=\"ee-slider__slide ee-swiper__slide swiper-slide\">\r\n\t\t\t\t<figure class=\"ee-media ee-slider__media ee-swiper__slide__media\">\r\n\t\t\t\t\t<div class=\"ee-media__wrapper ee-slider__media-wrapper\">\r\n\t\t\t\t\t\t<div class=\"ee-media__thumbnail ee-slider__media__thumbnail\">\r\n\t\t\t\t\t\t\t<img decoding=\"async\" alt=\"094572C1-4E8C-4EEF-B1CD-DA3C11125E9A\" src=\"https:\/\/bondsjet.com\/wp-content\/uploads\/2023\/05\/094572C1-4E8C-4EEF-B1CD-DA3C11125E9A.jpeg\" class=\"ee-media__thumbnail__image\" \/>\r\n\t\t\t\t\t\t<\/div>\r\n\t\t\t\t\t\t\t\t\t\t\t<\/div>\r\n\t\t\t\t<\/figure>\r\n\t\t\t<\/div><div class=\"ee-slider__slide ee-swiper__slide swiper-slide\">\r\n\t\t\t\t<figure class=\"ee-media ee-slider__media ee-swiper__slide__media\">\r\n\t\t\t\t\t<div class=\"ee-media__wrapper ee-slider__media-wrapper\">\r\n\t\t\t\t\t\t<div class=\"ee-media__thumbnail ee-slider__media__thumbnail\">\r\n\t\t\t\t\t\t\t<img decoding=\"async\" alt=\"27302608-D1F3-4C9E-B832-4CC2A8EAB5A1\" src=\"https:\/\/bondsjet.com\/wp-content\/uploads\/2023\/05\/27302608-D1F3-4C9E-B832-4CC2A8EAB5A1.jpeg\" class=\"ee-media__thumbnail__image\" \/>\r\n\t\t\t\t\t\t<\/div>\r\n\t\t\t\t\t\t\t\t\t\t\t<\/div>\r\n\t\t\t\t<\/figure>\r\n\t\t\t<\/div><div class=\"ee-slider__slide ee-swiper__slide swiper-slide\">\r\n\t\t\t\t<figure class=\"ee-media ee-slider__media ee-swiper__slide__media\">\r\n\t\t\t\t\t<div class=\"ee-media__wrapper ee-slider__media-wrapper\">\r\n\t\t\t\t\t\t<div class=\"ee-media__thumbnail ee-slider__media__thumbnail\">\r\n\t\t\t\t\t\t\t<img decoding=\"async\" alt=\"DCIM100GOPROGOPR0747.JPG\" src=\"https:\/\/bondsjet.com\/wp-content\/uploads\/2023\/05\/BA451F18-DB3F-43D0-9262-AC0FEC17AFA9-scaled.jpeg\" class=\"ee-media__thumbnail__image\" \/>\r\n\t\t\t\t\t\t<\/div>\r\n\t\t\t\t\t\t\t\t\t\t\t\t<div class=\"ee-media__content ee-slider__media__content\">\r\n\t\t\t\t\t\t\t<figcaption class=\"ee-caption ee-media__content__caption ee-slider__media__caption\">\r\n\t\t\t\t\t\t\t\t<div class=\"ee-caption__caption\">DCIM100GOPROGOPR0747.JPG<\/div>\t\t\t\t\t\t\t<\/figcaption>\r\n\t\t\t\t\t\t<\/div>\r\n\t\t\t\t\t\t\t\t\t\t\t<\/div>\r\n\t\t\t\t<\/figure>\r\n\t\t\t<\/div><div class=\"ee-slider__slide ee-swiper__slide swiper-slide\">\r\n\t\t\t\t<figure class=\"ee-media ee-slider__media ee-swiper__slide__media\">\r\n\t\t\t\t\t<div class=\"ee-media__wrapper ee-slider__media-wrapper\">\r\n\t\t\t\t\t\t<div class=\"ee-media__thumbnail ee-slider__media__thumbnail\">\r\n\t\t\t\t\t\t\t<img decoding=\"async\" alt=\"E48FA899-50DD-4A0F-AA49-E2AFFCEECF94\" src=\"https:\/\/bondsjet.com\/wp-content\/uploads\/2023\/05\/E48FA899-50DD-4A0F-AA49-E2AFFCEECF94.jpeg\" class=\"ee-media__thumbnail__image\" \/>\r\n\t\t\t\t\t\t<\/div>\r\n\t\t\t\t\t\t\t\t\t\t\t<\/div>\r\n\t\t\t\t<\/figure>\r\n\t\t\t<\/div>\t\t\t\t\t<\/div>\r\n\t\t\t\t<\/div><\/div><\/div>\t\t\t<div class=\"ee-gallery-slider__gallery\"><div class=\"ee-grid ee-grid--gallery ee-gallery ee-gallery__gallery ee-media-align-- ee-media-align-- ee-media-effect__content--\">\r\n\t\t\t\t\t\t\r\n\t\t\t<div class=\"ee-gallery__item ee-grid__item\">\r\n\r\n\t\t\t\t<figure class=\"ee-media ee-gallery__media\">\r\n\t\t\t\t\t<div class=\"ee-media__wrapper ee-gallery__media-wrapper\">\r\n\t\t\t\t\t\t<div class=\"ee-media__thumbnail ee-gallery__media__thumbnail\">\r\n\t\t\t<img decoding=\"async\" width=\"150\" height=\"150\" src=\"https:\/\/bondsjet.com\/wp-content\/uploads\/2023\/05\/route-red-ruta-roja-bondsjet-150x150.webp\" class=\"attachment-thumbnail size-thumbnail\" alt=\"\" \/>\t\t<\/div>\t\t\t\t\t\t<div class=\"ee-media__overlay ee-gallery__media__overlay\"><\/div>\t\t\t\t\t\t\t\t\t\t\t<\/div>\r\n\t\t\t\t<\/figure>\r\n\t\t\t\t\r\n\t\t\t<\/div>\r\n\r\n\t\t\r\n\t\t\t<div class=\"ee-gallery__item ee-grid__item\">\r\n\r\n\t\t\t\t<figure class=\"ee-media ee-gallery__media\">\r\n\t\t\t\t\t<div class=\"ee-media__wrapper ee-gallery__media-wrapper\">\r\n\t\t\t\t\t\t<div class=\"ee-media__thumbnail ee-gallery__media__thumbnail\">\r\n\t\t\t<img decoding=\"async\" width=\"150\" height=\"150\" src=\"https:\/\/bondsjet.com\/wp-content\/uploads\/2023\/05\/5AB81263-9184-473F-B551-8A698C86D283-150x150.jpeg\" class=\"attachment-thumbnail size-thumbnail\" alt=\"\" srcset=\"https:\/\/bondsjet.com\/wp-content\/uploads\/2023\/05\/5AB81263-9184-473F-B551-8A698C86D283-150x150.jpeg 150w, https:\/\/bondsjet.com\/wp-content\/uploads\/2023\/05\/5AB81263-9184-473F-B551-8A698C86D283-800x800.jpeg 800w\" sizes=\"(max-width: 150px) 100vw, 150px\" \/>\t\t<\/div>\t\t\t\t\t\t<div class=\"ee-media__overlay ee-gallery__media__overlay\"><\/div>\t\t\t\t\t\t\t\t\t\t\t<\/div>\r\n\t\t\t\t<\/figure>\r\n\t\t\t\t\r\n\t\t\t<\/div>\r\n\r\n\t\t\r\n\t\t\t<div class=\"ee-gallery__item ee-grid__item\">\r\n\r\n\t\t\t\t<figure class=\"ee-media ee-gallery__media\">\r\n\t\t\t\t\t<div class=\"ee-media__wrapper ee-gallery__media-wrapper\">\r\n\t\t\t\t\t\t<div class=\"ee-media__thumbnail ee-gallery__media__thumbnail\">\r\n\t\t\t<img decoding=\"async\" width=\"150\" height=\"150\" src=\"https:\/\/bondsjet.com\/wp-content\/uploads\/2023\/05\/15BD5695-A2BC-4AF5-8FA6-46105BABB989-150x150.jpeg\" class=\"attachment-thumbnail size-thumbnail\" alt=\"\" srcset=\"https:\/\/bondsjet.com\/wp-content\/uploads\/2023\/05\/15BD5695-A2BC-4AF5-8FA6-46105BABB989-150x150.jpeg 150w, https:\/\/bondsjet.com\/wp-content\/uploads\/2023\/05\/15BD5695-A2BC-4AF5-8FA6-46105BABB989-800x800.jpeg 800w\" sizes=\"(max-width: 150px) 100vw, 150px\" \/>\t\t<\/div>\t\t\t\t\t\t<div class=\"ee-media__overlay ee-gallery__media__overlay\"><\/div>\t\t\t\t\t\t\t\t\t\t\t<\/div>\r\n\t\t\t\t<\/figure>\r\n\t\t\t\t\r\n\t\t\t<\/div>\r\n\r\n\t\t\r\n\t\t\t<div class=\"ee-gallery__item ee-grid__item\">\r\n\r\n\t\t\t\t<figure class=\"ee-media ee-gallery__media\">\r\n\t\t\t\t\t<div class=\"ee-media__wrapper ee-gallery__media-wrapper\">\r\n\t\t\t\t\t\t<div class=\"ee-media__thumbnail ee-gallery__media__thumbnail\">\r\n\t\t\t<img loading=\"lazy\" decoding=\"async\" width=\"150\" height=\"150\" src=\"https:\/\/bondsjet.com\/wp-content\/uploads\/2023\/05\/094572C1-4E8C-4EEF-B1CD-DA3C11125E9A-150x150.jpeg\" class=\"attachment-thumbnail size-thumbnail\" alt=\"\" srcset=\"https:\/\/bondsjet.com\/wp-content\/uploads\/2023\/05\/094572C1-4E8C-4EEF-B1CD-DA3C11125E9A-150x150.jpeg 150w, https:\/\/bondsjet.com\/wp-content\/uploads\/2023\/05\/094572C1-4E8C-4EEF-B1CD-DA3C11125E9A-800x800.jpeg 800w\" sizes=\"(max-width: 150px) 100vw, 150px\" \/>\t\t<\/div>\t\t\t\t\t\t<div class=\"ee-media__overlay ee-gallery__media__overlay\"><\/div>\t\t\t\t\t\t\t\t\t\t\t<\/div>\r\n\t\t\t\t<\/figure>\r\n\t\t\t\t\r\n\t\t\t<\/div>\r\n\r\n\t\t\r\n\t\t\t<div class=\"ee-gallery__item ee-grid__item\">\r\n\r\n\t\t\t\t<figure class=\"ee-media ee-gallery__media\">\r\n\t\t\t\t\t<div class=\"ee-media__wrapper ee-gallery__media-wrapper\">\r\n\t\t\t\t\t\t<div class=\"ee-media__thumbnail ee-gallery__media__thumbnail\">\r\n\t\t\t<img loading=\"lazy\" decoding=\"async\" width=\"150\" height=\"150\" src=\"https:\/\/bondsjet.com\/wp-content\/uploads\/2023\/05\/27302608-D1F3-4C9E-B832-4CC2A8EAB5A1-150x150.jpeg\" class=\"attachment-thumbnail size-thumbnail\" alt=\"\" srcset=\"https:\/\/bondsjet.com\/wp-content\/uploads\/2023\/05\/27302608-D1F3-4C9E-B832-4CC2A8EAB5A1-150x150.jpeg 150w, https:\/\/bondsjet.com\/wp-content\/uploads\/2023\/05\/27302608-D1F3-4C9E-B832-4CC2A8EAB5A1-800x800.jpeg 800w\" sizes=\"(max-width: 150px) 100vw, 150px\" \/>\t\t<\/div>\t\t\t\t\t\t<div class=\"ee-media__overlay ee-gallery__media__overlay\"><\/div>\t\t\t\t\t\t\t\t\t\t\t<\/div>\r\n\t\t\t\t<\/figure>\r\n\t\t\t\t\r\n\t\t\t<\/div>\r\n\r\n\t\t\r\n\t\t\t<div class=\"ee-gallery__item ee-grid__item\">\r\n\r\n\t\t\t\t<figure class=\"ee-media ee-gallery__media\">\r\n\t\t\t\t\t<div class=\"ee-media__wrapper ee-gallery__media-wrapper\">\r\n\t\t\t\t\t\t<div class=\"ee-media__thumbnail ee-gallery__media__thumbnail\">\r\n\t\t\t<img loading=\"lazy\" decoding=\"async\" width=\"150\" height=\"150\" src=\"https:\/\/bondsjet.com\/wp-content\/uploads\/2023\/05\/BA451F18-DB3F-43D0-9262-AC0FEC17AFA9-150x150.jpeg\" class=\"attachment-thumbnail size-thumbnail\" alt=\"\" srcset=\"https:\/\/bondsjet.com\/wp-content\/uploads\/2023\/05\/BA451F18-DB3F-43D0-9262-AC0FEC17AFA9-150x150.jpeg 150w, https:\/\/bondsjet.com\/wp-content\/uploads\/2023\/05\/BA451F18-DB3F-43D0-9262-AC0FEC17AFA9-800x800.jpeg 800w\" sizes=\"(max-width: 150px) 100vw, 150px\" \/>\t\t<\/div>\t\t\t\t\t\t<div class=\"ee-media__overlay ee-gallery__media__overlay\"><\/div>\t\t\t\t\t\t\t\t\t\t\t<\/div>\r\n\t\t\t\t<\/figure>\r\n\t\t\t\t\r\n\t\t\t<\/div>\r\n\r\n\t\t\r\n\t\t\t<div class=\"ee-gallery__item ee-grid__item\">\r\n\r\n\t\t\t\t<figure class=\"ee-media ee-gallery__media\">\r\n\t\t\t\t\t<div class=\"ee-media__wrapper ee-gallery__media-wrapper\">\r\n\t\t\t\t\t\t<div class=\"ee-media__thumbnail ee-gallery__media__thumbnail\">\r\n\t\t\t<img loading=\"lazy\" decoding=\"async\" width=\"150\" height=\"150\" src=\"https:\/\/bondsjet.com\/wp-content\/uploads\/2023\/05\/E48FA899-50DD-4A0F-AA49-E2AFFCEECF94-150x150.jpeg\" class=\"attachment-thumbnail size-thumbnail\" alt=\"\" srcset=\"https:\/\/bondsjet.com\/wp-content\/uploads\/2023\/05\/E48FA899-50DD-4A0F-AA49-E2AFFCEECF94-150x150.jpeg 150w, https:\/\/bondsjet.com\/wp-content\/uploads\/2023\/05\/E48FA899-50DD-4A0F-AA49-E2AFFCEECF94-800x800.jpeg 800w\" sizes=\"(max-width: 150px) 100vw, 150px\" \/>\t\t<\/div>\t\t\t\t\t\t<div class=\"ee-media__overlay ee-gallery__media__overlay\"><\/div>\t\t\t\t\t\t\t\t\t\t\t<\/div>\r\n\t\t\t\t<\/figure>\r\n\t\t\t\t\r\n\t\t\t<\/div>\r\n\r\n\t\t\t\t\t\t\t<\/div><\/div>\r\n\t\t<\/div>\t\t\t\t<\/div>\n\t\t\t\t<\/div>\n\t\t\t\t\t<\/div>\n\t\t<\/div>\n\t\t\t\t<div class=\"elementor-column elementor-col-50 elementor-top-column elementor-element elementor-element-63eecd9c\" data-id=\"63eecd9c\" data-element_type=\"column\" data-e-type=\"column\">\n\t\t\t<div class=\"elementor-widget-wrap elementor-element-populated\">\n\t\t\t\t\t\t<div class=\"elementor-element elementor-element-4272a1f wd-width-100 elementor-widget elementor-widget-wd_title\" data-id=\"4272a1f\" data-element_type=\"widget\" data-e-type=\"widget\" data-widget_type=\"wd_title.default\">\n\t\t\t\t<div class=\"elementor-widget-container\">\n\t\t\t\t\t\t\t<div class=\"title-wrapper wd-set-mb reset-last-child wd-title-color-primary wd-title-style-default wd-title-size-large text-left\">\n\n\t\t\t\n\t\t\t<div class=\"liner-continer\">\n\t\t\t\t<h4 class=\"woodmart-title-container title wd-fontsize-xxl wd-underline-colored\">Route <u>red<\/u><\/h4> \n\t\t\t\t\t\t\t<\/div>\n\n\t\t\t\t\t\t\t<div class=\"title-after_title reset-last-child wd-fontsize-s\">\n\t\t\t\t\t<p>We are going for an incredible walk along the coast, from km 2 to km 12 approximately! Afterwards, we will venture through the Tom\u00e1s Maestre channel until we reach the amazing Mediterranean Sea. It is a super exciting sea for those who love adrenaline and are looking for a different experience!<\/p><p>After a few minutes of pure fun in the open sea, we will return, but this time we will go behind the famous Isla del Var\u00f3n. In all our excursions, the monitor will be with you and will adapt to your speed, whether you want more adrenaline or prefer a quiet walk with views of the tourist area. We will adjust to what you want!<\/p><p>Get ready to enjoy to the fullest and live an unforgettable adventure!<\/p>\t\t\t\t<\/div>\n\t\t\t\t\t<\/div>\n\t\t\t\t\t\t<\/div>\n\t\t\t\t<\/div>\n\t\t\t\t<div class=\"elementor-element elementor-element-76dbfc2a elementor-widget elementor-widget-progress\" data-id=\"76dbfc2a\" data-element_type=\"widget\" data-e-type=\"widget\" data-widget_type=\"progress.default\">\n\t\t\t\t<div class=\"elementor-widget-container\">\n\t\t\t\t\t\n\t\t<div class=\"elementor-progress-wrapper\" role=\"progressbar\" aria-valuemin=\"0\" aria-valuemax=\"100\" aria-valuenow=\"100\" aria-valuetext=\"100% (GRADO DE SATISFACCI\u00d3N)\">\n\t\t\t<div class=\"elementor-progress-bar\" data-max=\"100\">\n\t\t\t\t<span class=\"elementor-progress-text\">DEGREE OF SATISFACTION<\/span>\n\t\t\t\t\t\t\t\t\t<span class=\"elementor-progress-percentage\">100%<\/span>\n\t\t\t\t\t\t\t<\/div>\n\t\t<\/div>\n\t\t\t\t\t\t<\/div>\n\t\t\t\t<\/div>\n\t\t\t\t<section class=\"wd-negative-gap elementor-section elementor-inner-section elementor-element elementor-element-51080ae4 elementor-section-boxed elementor-section-height-default elementor-section-height-default\" data-id=\"51080ae4\" data-element_type=\"section\" data-e-type=\"section\">\n\t\t\t\t\t\t<div class=\"elementor-container elementor-column-gap-default\">\n\t\t\t\t\t<div class=\"elementor-column elementor-col-33 elementor-inner-column elementor-element elementor-element-2ea728a\" data-id=\"2ea728a\" data-element_type=\"column\" data-e-type=\"column\">\n\t\t\t<div class=\"elementor-widget-wrap elementor-element-populated\">\n\t\t\t\t\t\t<div class=\"elementor-element elementor-element-10cfe677 elementor-widget elementor-widget-wd_infobox\" data-id=\"10cfe677\" data-element_type=\"widget\" data-e-type=\"widget\" data-widget_type=\"wd_infobox.default\">\n\t\t\t\t<div class=\"elementor-widget-container\">\n\t\t\t\t\t\t\t<div class=\"info-box-wrapper\">\n\t\t\t<div class=\"wd-info-box text-left box-icon-align-top box-style-base color-scheme-\">\n\t\t\t\t\t\t\t\t\t<div class=\"box-icon-wrapper  box-with-text text-size-small box-icon-simple\">\n\t\t\t\t\t\t<div class=\"info-box-icon\">\n\t\t\t\t\t\t\t\t\t\t\t\t\t\t\t1 hour\t\t\t\t\t\t\t\t\t\t\t\t\t<\/div>\n\t\t\t\t\t<\/div>\n\t\t\t\t\n\t\t\t\t<div class=\"info-box-content\">\n\t\t\t\t\t\n\t\t\t\t\t\t\t\t\t\t\t<h4\t\t\t\t\t\tclass=\"info-box-title title box-title-style-default wd-fontsize-m\" data-elementor-setting-key=\"title\">\n\t\t\t\t\t\t\t\tFun\t\t\t\t\t\t<\/h4>\n\t\t\t\t\t\n\t\t\t\t\t<div class=\"info-box-inner reset-last-child\"data-elementor-setting-key=\"content\"><\/div>\n\n\t\t\t\t\t\t\t\t\t<\/div>\n\n\t\t\t\t\t\t\t<\/div>\n\t\t<\/div>\n\t\t\t\t\t\t<\/div>\n\t\t\t\t<\/div>\n\t\t\t\t\t<\/div>\n\t\t<\/div>\n\t\t\t\t<div class=\"elementor-column elementor-col-33 elementor-top-column elementor-element elementor-element-62c9acd0\" data-id=\"62c9acd0\" data-element_type=\"column\" data-e-type=\"column\">\n\t\t\t<div class=\"elementor-widget-wrap elementor-element-populated\">\n\t\t\t\t\t\t<div class=\"elementor-element elementor-element-540cef30 elementor-widget elementor-widget-wd_infobox\" data-id=\"540cef30\" data-element_type=\"widget\" data-e-type=\"widget\" data-widget_type=\"wd_infobox.default\">\n\t\t\t\t<div class=\"elementor-widget-container\">\n\t\t\t\t\t\t\t<div class=\"info-box-wrapper\">\n\t\t\t<div class=\"wd-info-box text-left box-icon-align-top box-style-base color-scheme-\">\n\t\t\t\t\t\t\t\t\t<div class=\"box-icon-wrapper  box-with-text text-size-small box-icon-simple\">\n\t\t\t\t\t\t<div class=\"info-box-icon\">\n\t\t\t\t\t\t\t\t\t\t\t\t\t\t\t50\t\t\t\t\t\t\t\t\t\t\t\t\t<\/div>\n\t\t\t\t\t<\/div>\n\t\t\t\t\n\t\t\t\t<div class=\"info-box-content\">\n\t\t\t\t\t\n\t\t\t\t\t\t\t\t\t\t\t<h4\t\t\t\t\t\tclass=\"info-box-title title box-title-style-default wd-fontsize-m\" data-elementor-setting-key=\"title\">\n\t\t\t\t\t\t\t\tkm\t\t\t\t\t\t<\/h4>\n\t\t\t\t\t\n\t\t\t\t\t<div class=\"info-box-inner reset-last-child\"data-elementor-setting-key=\"content\"><\/div>\n\n\t\t\t\t\t\t\t\t\t<\/div>\n\n\t\t\t\t\t\t\t<\/div>\n\t\t<\/div>\n\t\t\t\t\t\t<\/div>\n\t\t\t\t<\/div>\n\t\t\t\t\t<\/div>\n\t\t<\/div>\n\t\t\t\t<div class=\"elementor-column elementor-col-33 elementor-top-column elementor-element elementor-element-5619eb06\" data-id=\"5619eb06\" data-element_type=\"column\" data-e-type=\"column\">\n\t\t\t<div class=\"elementor-widget-wrap elementor-element-populated\">\n\t\t\t\t\t\t<div class=\"elementor-element elementor-element-4f112e20 elementor-widget elementor-widget-wd_infobox\" data-id=\"4f112e20\" data-element_type=\"widget\" data-e-type=\"widget\" data-widget_type=\"wd_infobox.default\">\n\t\t\t\t<div class=\"elementor-widget-container\">\n\t\t\t\t\t\t\t<div class=\"info-box-wrapper\">\n\t\t\t<div class=\"wd-info-box text-left box-icon-align-top box-style-base color-scheme-\">\n\t\t\t\t\t\t\t\t\t<div class=\"box-icon-wrapper  box-with-text text-size-small box-icon-simple\">\n\t\t\t\t\t\t<div class=\"info-box-icon\">\n\t\t\t\t\t\t\t\t\t\t\t\t\t\t\tEasy\t\t\t\t\t\t\t\t\t\t\t\t\t<\/div>\n\t\t\t\t\t<\/div>\n\t\t\t\t\n\t\t\t\t<div class=\"info-box-content\">\n\t\t\t\t\t\n\t\t\t\t\t\t\t\t\t\t\t<h4\t\t\t\t\t\tclass=\"info-box-title title box-title-style-default wd-fontsize-m\" data-elementor-setting-key=\"title\">\n\t\t\t\t\t\t\t\tDifficulty\t\t\t\t\t\t<\/h4>\n\t\t\t\t\t\n\t\t\t\t\t<div class=\"info-box-inner reset-last-child\"data-elementor-setting-key=\"content\"><\/div>\n\n\t\t\t\t\t\t\t\t\t<\/div>\n\n\t\t\t\t\t\t\t<\/div>\n\t\t<\/div>\n\t\t\t\t\t\t<\/div>\n\t\t\t\t<\/div>\n\t\t\t\t\t<\/div>\n\t\t<\/div>\n\t\t\t\t\t<\/div>\n\t\t<\/section>\n\t\t\t\t<div class=\"elementor-element elementor-element-f232ddc elementor-invisible elementor-widget elementor-widget-eael-creative-button\" data-id=\"f232ddc\" data-element_type=\"widget\" data-e-type=\"widget\" data-settings=\"{&quot;_animation&quot;:&quot;shake&quot;}\" data-widget_type=\"eael-creative-button.default\">\n\t\t\t\t<div class=\"elementor-widget-container\">\n\t\t\t\t\t        <div class=\"eael-creative-button-wrapper\">\n\n            <a class=\"eael-creative-button eael-creative-button--ujarak\" href=\"tel: 34682248676\" data-text=\"Go!\">\n            \t    \n                <div class=\"creative-button-inner\">\n\n                    \n                    <span class=\"cretive-button-text\">RESERVE +34682248676<\/span>\n\n                                    <\/div>\n\t                        <\/a>\n        <\/div>\n        \t\t\t\t<\/div>\n\t\t\t\t<\/div>\n\t\t\t\t<div class=\"elementor-element elementor-element-51d4d67 elementor-invisible elementor-widget elementor-widget-eael-creative-button\" data-id=\"51d4d67\" data-element_type=\"widget\" data-e-type=\"widget\" data-settings=\"{&quot;_animation&quot;:&quot;shake&quot;}\" data-widget_type=\"eael-creative-button.default\">\n\t\t\t\t<div class=\"elementor-widget-container\">\n\t\t\t\t\t        <div class=\"eael-creative-button-wrapper\">\n\n            <a class=\"eael-creative-button eael-creative-button--ujarak\" href=\"tel: 34617608007\" data-text=\"Go!\">\n            \t    \n                <div class=\"creative-button-inner\">\n\n                    \n                    <span class=\"cretive-button-text\">RESERVE +34617608007<\/span>\n\n                                    <\/div>\n\t                        <\/a>\n        <\/div>\n        \t\t\t\t<\/div>\n\t\t\t\t<\/div>\n\t\t\t\t\t<\/div>\n\t\t<\/div>\n\t\t\t\t\t<\/div>\n\t\t<\/section>\n\t\t\t\t<\/div>","protected":false},"excerpt":{"rendered":"<p>DCIM100GOPROGOPR0745.JPG DCIM100GOPROGOPR0747.JPG Red Route Let&#039;s take an incredible walk along the coast, from km 2 to km<\/p>","protected":false},"author":1,"featured_media":0,"parent":0,"menu_order":0,"comment_status":"closed","ping_status":"closed","template":"","meta":{"_seopress_robots_primary_cat":"","_seopress_titles_title":"Ruta Roja - BondsJet - Alquiler de motos de agua La Manga del Mar Menor","_seopress_titles_desc":"Te ofrecemos una ruta tranquila y sencilla por el interior del Mar Menor, donde disfrutaremos de un paseo en moto de agua por las playas de la zona.Disfrutar\u00e1s de mar abierto saliendo al Mediterr\u00e1neo, llegaremos a la Isla Grosa donde disfrutaremos de unas vistas incre\u00edbles de la costa y el mar.","_seopress_robots_index":"","footnotes":""},"categories":[],"tags":[],"class_list":["post-19757","page","type-page","status-publish","hentry"],"_links":{"self":[{"href":"https:\/\/bondsjet.com\/en\/wp-json\/wp\/v2\/pages\/19757","targetHints":{"allow":["GET"]}}],"collection":[{"href":"https:\/\/bondsjet.com\/en\/wp-json\/wp\/v2\/pages"}],"about":[{"href":"https:\/\/bondsjet.com\/en\/wp-json\/wp\/v2\/types\/page"}],"author":[{"embeddable":true,"href":"https:\/\/bondsjet.com\/en\/wp-json\/wp\/v2\/users\/1"}],"replies":[{"embeddable":true,"href":"https:\/\/bondsjet.com\/en\/wp-json\/wp\/v2\/comments?post=19757"}],"version-history":[{"count":0,"href":"https:\/\/bondsjet.com\/en\/wp-json\/wp\/v2\/pages\/19757\/revisions"}],"wp:attachment":[{"href":"https:\/\/bondsjet.com\/en\/wp-json\/wp\/v2\/media?parent=19757"}],"wp:term":[{"taxonomy":"category","embeddable":true,"href":"https:\/\/bondsjet.com\/en\/wp-json\/wp\/v2\/categories?post=19757"},{"taxonomy":"post_tag","embeddable":true,"href":"https:\/\/bondsjet.com\/en\/wp-json\/wp\/v2\/tags?post=19757"}],"curies":[{"name":"wp","href":"https:\/\/api.w.org\/{rel}","templated":true}]}}